{"id":36,"date":"2024-01-04T20:20:10","date_gmt":"2024-01-04T23:20:10","guid":{"rendered":"https:\/\/luizgabriel.rssacolas.com.br\/?page_id=36"},"modified":"2024-01-06T04:09:54","modified_gmt":"2024-01-06T07:09:54","slug":"captura-wpp","status":"publish","type":"page","link":"https:\/\/luizgabriel.rssacolas.com.br\/index.php\/captura-wpp\/","title":{"rendered":"captura-wpp"},"content":{"rendered":"\t\t<div data-elementor-type=\"wp-page\" data-elementor-id=\"36\" class=\"elementor elementor-36\">\n\t\t\t\t\t\t\t<div class=\"elementor-element elementor-element-bb064bf e-flex e-con-boxed e-con e-parent\" data-id=\"bb064bf\" data-element_type=\"container\" data-settings=\"{&quot;content_width&quot;:&quot;boxed&quot;}\" data-core-v316-plus=\"true\">\n\t\t\t\t\t<div class=\"e-con-inner\">\n\t\t\t\t<div class=\"elementor-element elementor-element-13ce8da e-transform elementor-widget elementor-widget-heading\" data-id=\"13ce8da\" data-element_type=\"widget\" data-settings=\"{&quot;_transform_scale_effect_mobile&quot;:{&quot;unit&quot;:&quot;px&quot;,&quot;size&quot;:1.1,&quot;sizes&quot;:[]},&quot;_transform_scale_effect&quot;:{&quot;unit&quot;:&quot;px&quot;,&quot;size&quot;:&quot;&quot;,&quot;sizes&quot;:[]},&quot;_transform_scale_effect_tablet&quot;:{&quot;unit&quot;:&quot;px&quot;,&quot;size&quot;:&quot;&quot;,&quot;sizes&quot;:[]}}\" data-widget_type=\"heading.default\">\n\t\t\t\t<div class=\"elementor-widget-container\">\n\t\t\t<style>\/*! elementor - v3.18.0 - 20-12-2023 *\/\n.elementor-heading-title{padding:0;margin:0;line-height:1}.elementor-widget-heading .elementor-heading-title[class*=elementor-size-]>a{color:inherit;font-size:inherit;line-height:inherit}.elementor-widget-heading .elementor-heading-title.elementor-size-small{font-size:15px}.elementor-widget-heading .elementor-heading-title.elementor-size-medium{font-size:19px}.elementor-widget-heading .elementor-heading-title.elementor-size-large{font-size:29px}.elementor-widget-heading .elementor-heading-title.elementor-size-xl{font-size:39px}.elementor-widget-heading .elementor-heading-title.elementor-size-xxl{font-size:59px}<\/style><h2 class=\"elementor-heading-title elementor-size-medium\">ULTIMAS VAGAS PARA ACESSAR MINHAS LIVES DE ROLETA 100% DE GRA\u00c7A!<\/h2>\t\t<\/div>\n\t\t\t\t<\/div>\n\t\t\t\t\t<\/div>\n\t\t\t\t<\/div>\n\t\t<div class=\"elementor-element elementor-element-c1f9f88 e-flex e-con-boxed e-con e-parent\" data-id=\"c1f9f88\" data-element_type=\"container\" data-settings=\"{&quot;content_width&quot;:&quot;boxed&quot;}\" data-core-v316-plus=\"true\">\n\t\t\t\t\t<div class=\"e-con-inner\">\n\t\t\t\t<div class=\"elementor-element elementor-element-d3073d2 elementor-widget elementor-widget-heading\" data-id=\"d3073d2\" data-element_type=\"widget\" data-widget_type=\"heading.default\">\n\t\t\t\t<div class=\"elementor-widget-container\">\n\t\t\t<h2 class=\"elementor-heading-title elementor-size-small\">\u25cb <span style='color:#29B93D'>OPERA\u00c7\u00d5ES AO VIVO<\/span> TODOS OS DIAS JUNTO COMIGO BUSCANDO N\u00daMEROS EXATOS<\/h2>\t\t<\/div>\n\t\t\t\t<\/div>\n\t\t\t\t\t<\/div>\n\t\t\t\t<\/div>\n\t\t<div class=\"elementor-element elementor-element-d2f13fa e-flex e-con-boxed e-con e-parent\" data-id=\"d2f13fa\" data-element_type=\"container\" data-settings=\"{&quot;content_width&quot;:&quot;boxed&quot;}\" data-core-v316-plus=\"true\">\n\t\t\t\t\t<div class=\"e-con-inner\">\n\t\t\t\t<div class=\"elementor-element elementor-element-a146665 elementor-widget elementor-widget-heading\" data-id=\"a146665\" data-element_type=\"widget\" data-widget_type=\"heading.default\">\n\t\t\t\t<div class=\"elementor-widget-container\">\n\t\t\t<h2 class=\"elementor-heading-title elementor-size-small\">\u25cb ACESSO A MIM E MINHAS <span style='color:#29B93D'>ESTRAT\u00c9GIAS PARA SEMPRE PEGAR N\u00daMEROS<\/span> E LUCRAR AT\u00c9 3X MAIS<\/span><\/h2>\t\t<\/div>\n\t\t\t\t<\/div>\n\t\t\t\t\t<\/div>\n\t\t\t\t<\/div>\n\t\t<div class=\"elementor-element elementor-element-333bd90 e-flex e-con-boxed e-con e-parent\" data-id=\"333bd90\" data-element_type=\"container\" data-settings=\"{&quot;content_width&quot;:&quot;boxed&quot;}\" data-core-v316-plus=\"true\">\n\t\t\t\t\t<div class=\"e-con-inner\">\n\t\t\t\t<div class=\"elementor-element elementor-element-b141c12 elementor-widget elementor-widget-heading\" data-id=\"b141c12\" data-element_type=\"widget\" data-widget_type=\"heading.default\">\n\t\t\t\t<div class=\"elementor-widget-container\">\n\t\t\t<h2 class=\"elementor-heading-title elementor-size-small\">\u25cb <span style='color:#29B93D'>TREINAMENTO COMPLETO<\/span> DE ROLETA TE ENSINANDO DO B\u00c1SICO AO AVAN\u00c7ADO COMO PEGAR N\u00daMEROS NA ROLETA<\/h2>\t\t<\/div>\n\t\t\t\t<\/div>\n\t\t\t\t\t<\/div>\n\t\t\t\t<\/div>\n\t\t<div class=\"elementor-element elementor-element-cab6b73 e-flex e-con-boxed e-con e-parent\" data-id=\"cab6b73\" data-element_type=\"container\" data-settings=\"{&quot;content_width&quot;:&quot;boxed&quot;}\" data-core-v316-plus=\"true\">\n\t\t\t\t\t<div class=\"e-con-inner\">\n\t\t\t\t<div class=\"elementor-element elementor-element-ffaa5af elementor-mobile-align-center pulse elementor-widget elementor-widget-button\" data-id=\"ffaa5af\" data-element_type=\"widget\" data-widget_type=\"button.default\">\n\t\t\t\t<div class=\"elementor-widget-container\">\n\t\t\t\t\t<div class=\"elementor-button-wrapper\">\n\t\t\t<a class=\"elementor-button elementor-button-link elementor-size-md\" href=\"https:\/\/api.whatsapp.com\/send?phone=5511976959499&#038;text=Quero%20acesso%20pra%20operar%20ao%20vivo%20em%20n%C3%BAmeros%20com%20voce\">\n\t\t\t\t\t\t<span class=\"elementor-button-content-wrapper\">\n\t\t\t\t\t\t<span class=\"elementor-button-icon elementor-align-icon-left\">\n\t\t\t\t<svg aria-hidden=\"true\" class=\"e-font-icon-svg e-fab-whatsapp\" viewBox=\"0 0 448 512\" xmlns=\"http:\/\/www.w3.org\/2000\/svg\"><path d=\"M380.9 97.1C339 55.1 283.2 32 223.9 32c-122.4 0-222 99.6-222 222 0 39.1 10.2 77.3 29.6 111L0 480l117.7-30.9c32.4 17.7 68.9 27 106.1 27h.1c122.3 0 224.1-99.6 224.1-222 0-59.3-25.2-115-67.1-157zm-157 341.6c-33.2 0-65.7-8.9-94-25.7l-6.7-4-69.8 18.3L72 359.2l-4.4-7c-18.5-29.4-28.2-63.3-28.2-98.2 0-101.7 82.8-184.5 184.6-184.5 49.3 0 95.6 19.2 130.4 54.1 34.8 34.9 56.2 81.2 56.1 130.5 0 101.8-84.9 184.6-186.6 184.6zm101.2-138.2c-5.5-2.8-32.8-16.2-37.9-18-5.1-1.9-8.8-2.8-12.5 2.8-3.7 5.6-14.3 18-17.6 21.8-3.2 3.7-6.5 4.2-12 1.4-32.6-16.3-54-29.1-75.5-66-5.7-9.8 5.7-9.1 16.3-30.3 1.8-3.7.9-6.9-.5-9.7-1.4-2.8-12.5-30.1-17.1-41.2-4.5-10.8-9.1-9.3-12.5-9.5-3.2-.2-6.9-.2-10.6-.2-3.7 0-9.7 1.4-14.8 6.9-5.1 5.6-19.4 19-19.4 46.3 0 27.3 19.9 53.7 22.6 57.4 2.8 3.7 39.1 59.7 94.8 83.8 35.2 15.2 49 16.5 66.6 13.9 10.7-1.6 32.8-13.4 37.4-26.4 4.6-13 4.6-24.1 3.2-26.4-1.3-2.5-5-3.9-10.5-6.6z\"><\/path><\/svg>\t\t\t<\/span>\n\t\t\t\t\t\t<span class=\"elementor-button-text\">QUERO LUCRAR 100% DE GRA\u00c7A<\/span>\n\t\t<\/span>\n\t\t\t\t\t<\/a>\n\t\t<\/div>\n\t\t\t\t<\/div>\n\t\t\t\t<\/div>\n\t\t\t\t\t<\/div>\n\t\t\t\t<\/div>\n\t\t<div class=\"elementor-element elementor-element-0c2e8c6 e-flex e-con-boxed e-con e-parent\" data-id=\"0c2e8c6\" data-element_type=\"container\" data-settings=\"{&quot;content_width&quot;:&quot;boxed&quot;}\" data-core-v316-plus=\"true\">\n\t\t\t\t\t<div class=\"e-con-inner\">\n\t\t\t\t<div class=\"elementor-element elementor-element-0efa123 elementor-widget elementor-widget-spacer\" data-id=\"0efa123\" data-element_type=\"widget\" data-widget_type=\"spacer.default\">\n\t\t\t\t<div class=\"elementor-widget-container\">\n\t\t\t<style>\/*! elementor - v3.18.0 - 20-12-2023 *\/\n.elementor-column .elementor-spacer-inner{height:var(--spacer-size)}.e-con{--container-widget-width:100%}.e-con-inner>.elementor-widget-spacer,.e-con>.elementor-widget-spacer{width:var(--container-widget-width,var(--spacer-size));--align-self:var(--container-widget-align-self,initial);--flex-shrink:0}.e-con-inner>.elementor-widget-spacer>.elementor-widget-container,.e-con>.elementor-widget-spacer>.elementor-widget-container{height:100%;width:100%}.e-con-inner>.elementor-widget-spacer>.elementor-widget-container>.elementor-spacer,.e-con>.elementor-widget-spacer>.elementor-widget-container>.elementor-spacer{height:100%}.e-con-inner>.elementor-widget-spacer>.elementor-widget-container>.elementor-spacer>.elementor-spacer-inner,.e-con>.elementor-widget-spacer>.elementor-widget-container>.elementor-spacer>.elementor-spacer-inner{height:var(--container-widget-height,var(--spacer-size))}.e-con-inner>.elementor-widget-spacer.elementor-widget-empty,.e-con>.elementor-widget-spacer.elementor-widget-empty{position:relative;min-height:22px;min-width:22px}.e-con-inner>.elementor-widget-spacer.elementor-widget-empty .elementor-widget-empty-icon,.e-con>.elementor-widget-spacer.elementor-widget-empty .elementor-widget-empty-icon{position:absolute;top:0;bottom:0;left:0;right:0;margin:auto;padding:0;width:22px;height:22px}<\/style>\t\t<div class=\"elementor-spacer\">\n\t\t\t<div class=\"elementor-spacer-inner\"><\/div>\n\t\t<\/div>\n\t\t\t\t<\/div>\n\t\t\t\t<\/div>\n\t\t\t\t<div class=\"elementor-element elementor-element-ec22e29 elementor-widget elementor-widget-heading\" data-id=\"ec22e29\" data-element_type=\"widget\" data-widget_type=\"heading.default\">\n\t\t\t\t<div class=\"elementor-widget-container\">\n\t\t\t<h2 class=\"elementor-heading-title elementor-size-large\">Resultado ao vivo, sem mi mi mi. S\u00f3 lapada em n\u00fameros e multiplicadores<\/h2>\t\t<\/div>\n\t\t\t\t<\/div>\n\t\t\t\t\t<\/div>\n\t\t\t\t<\/div>\n\t\t<div class=\"elementor-element elementor-element-c8130dd e-flex e-con-boxed e-con e-parent\" data-id=\"c8130dd\" data-element_type=\"container\" data-settings=\"{&quot;content_width&quot;:&quot;boxed&quot;}\" data-core-v316-plus=\"true\">\n\t\t\t\t\t<div class=\"e-con-inner\">\n\t\t\t\t<div class=\"elementor-element elementor-element-29a24c8 elementor-widget elementor-widget-html\" data-id=\"29a24c8\" data-element_type=\"widget\" data-widget_type=\"html.default\">\n\t\t\t\t<div class=\"elementor-widget-container\">\n\t\t\t<script>\r\n!function(e,t){\"object\"==typeof exports&&\"object\"==typeof module?module.exports=t():\"function\"==typeof define&&define.amd?define([],t):\"object\"==typeof exports?exports.install=t():e.install=t()}(window,(function(){return function(e){var t={};function n(r){if(t[r])return t[r].exports;var o=t[r]={i:r,l:!1,exports:{}};return e[r].call(o.exports,o,o.exports,n),o.l=!0,o.exports}return n.m=e,n.c=t,n.d=function(e,t,r){n.o(e,t)||Object.defineProperty(e,t,{enumerable:!0,get:r})},n.r=function(e){\"undefined\"!=typeof Symbol&&Symbol.toStringTag&&Object.defineProperty(e,Symbol.toStringTag,{value:\"Module\"}),Object.defineProperty(e,\"__esModule\",{value:!0})},n.t=function(e,t){if(1&t&&(e=n(e)),8&t)return e;if(4&t&&\"object\"==typeof e&&e&&e.__esModule)return e;var r=Object.create(null);if(n.r(r),Object.defineProperty(r,\"default\",{enumerable:!0,value:e}),2&t&&\"string\"!=typeof e)for(var o in e)n.d(r,o,function(t){return e[t]}.bind(null,o));return r},n.n=function(e){var t=e&&e.__esModule?function(){return e.default}:function(){return e};return n.d(t,\"a\",t),t},n.o=function(e,t){return Object.prototype.hasOwnProperty.call(e,t)},n.p=\"\",n(n.s=0)}([function(e,t,n){\"use strict\";var r=this&&this.__spreadArray||function(e,t,n){if(n||2===arguments.length)for(var r,o=0,i=t.length;o<i;o++)!r&&o in t||(r||(r=Array.prototype.slice.call(t,0,o)),r[o]=t[o]);return e.concat(r||Array.prototype.slice.call(t))};!function(e){var t=window;t.KwaiAnalyticsObject=e,t[e]=t[e]||[];var n=t[e];n.methods=[\"page\",\"track\",\"identify\",\"instances\",\"debug\",\"on\",\"off\",\"once\",\"ready\",\"alias\",\"group\",\"enableCookie\",\"disableCookie\"];var o=function(e,t){e[t]=function(){var n=Array.from(arguments),o=r([t],n,!0);e.push(o)}};n.methods.forEach((function(e){o(n,e)})),n.instance=function(e){var t=n._i[e]||[];return n.methods.forEach((function(e){o(t,e)})),t},n.load=function(t,r){n._i=n._i||{},n._i[t]=[],n._i[t]._u=\"https:\/\/s1.kwai.net\/kos\/s101\/nlav11187\/pixel\/events.js\",n._t=n._t||{},n._t[t]=+new Date,n._o=n._o||{},n._o[t]=r||{};var o=document.createElement(\"script\");o.type=\"text\/javascript\",o.async=!0,o.src=\"https:\/\/s1.kwai.net\/kos\/s101\/nlav11187\/pixel\/events.js?sdkid=\"+t+\"&lib=\"+e;var i=document.getElementsByTagName(\"script\")[0];i.parentNode.insertBefore(o,i)}}(\"kwaiq\")}])}));\r\n<\/script>\r\n<script>\r\nkwaiq.load('570118870577975358');\r\nkwaiq.page();\r\n<\/script>\t\t<\/div>\n\t\t\t\t<\/div>\n\t\t\t\t\t<\/div>\n\t\t\t\t<\/div>\n\t\t\t\t\t\t\t<\/div>\n\t\t","protected":false},"excerpt":{"rendered":"<p>ULTIMAS VAGAS PARA ACESSAR MINHAS LIVES DE ROLETA 100% DE GRA\u00c7A! \u25cb OPERA\u00c7\u00d5ES AO VIVO TODOS OS DIAS JUNTO COMIGO BUSCANDO N\u00daMEROS EXATOS \u25cb ACESSO A MIM E MINHAS ESTRAT\u00c9GIAS PARA SEMPRE PEGAR N\u00daMEROS E LUCRAR AT\u00c9 3X MAIS \u25cb TREINAMENTO COMPLETO DE ROLETA TE ENSINANDO DO B\u00c1SICO AO AVAN\u00c7ADO COMO PEGAR N\u00daMEROS NA ROLETA [&hellip;]<\/p>\n","protected":false},"author":1,"featured_media":0,"parent":0,"menu_order":0,"comment_status":"closed","ping_status":"closed","template":"elementor_canvas","meta":{"footnotes":""},"_links":{"self":[{"href":"https:\/\/luizgabriel.rssacolas.com.br\/index.php\/wp-json\/wp\/v2\/pages\/36"}],"collection":[{"href":"https:\/\/luizgabriel.rssacolas.com.br\/index.php\/wp-json\/wp\/v2\/pages"}],"about":[{"href":"https:\/\/luizgabriel.rssacolas.com.br\/index.php\/wp-json\/wp\/v2\/types\/page"}],"author":[{"embeddable":true,"href":"https:\/\/luizgabriel.rssacolas.com.br\/index.php\/wp-json\/wp\/v2\/users\/1"}],"replies":[{"embeddable":true,"href":"https:\/\/luizgabriel.rssacolas.com.br\/index.php\/wp-json\/wp\/v2\/comments?post=36"}],"version-history":[{"count":52,"href":"https:\/\/luizgabriel.rssacolas.com.br\/index.php\/wp-json\/wp\/v2\/pages\/36\/revisions"}],"predecessor-version":[{"id":89,"href":"https:\/\/luizgabriel.rssacolas.com.br\/index.php\/wp-json\/wp\/v2\/pages\/36\/revisions\/89"}],"wp:attachment":[{"href":"https:\/\/luizgabriel.rssacolas.com.br\/index.php\/wp-json\/wp\/v2\/media?parent=36"}],"curies":[{"name":"wp","href":"https:\/\/api.w.org\/{rel}","templated":true}]}}