{"id":25,"date":"2023-12-30T13:53:06","date_gmt":"2023-12-30T16:53:06","guid":{"rendered":"https:\/\/luizgabriel.rssacolas.com.br\/?page_id=25"},"modified":"2023-12-31T14:49:56","modified_gmt":"2023-12-31T17:49:56","slug":"pessoal","status":"publish","type":"page","link":"https:\/\/luizgabriel.rssacolas.com.br\/index.php\/pessoal\/","title":{"rendered":"pessoal"},"content":{"rendered":"\t\t<div data-elementor-type=\"wp-page\" data-elementor-id=\"25\" class=\"elementor elementor-25\">\n\t\t\t\t\t\t\t<div class=\"elementor-element elementor-element-192ad4a2 e-flex e-con-boxed e-con e-parent\" data-id=\"192ad4a2\" data-element_type=\"container\" data-settings=\"{&quot;content_width&quot;:&quot;boxed&quot;}\" data-core-v316-plus=\"true\">\n\t\t\t\t\t<div class=\"e-con-inner\">\n\t\t\t\t<div class=\"elementor-element elementor-element-39893ad1 elementor-widget elementor-widget-heading\" data-id=\"39893ad1\" data-element_type=\"widget\" data-widget_type=\"heading.default\">\n\t\t\t\t<div class=\"elementor-widget-container\">\n\t\t\t<style>\/*! elementor - v3.18.0 - 20-12-2023 *\/\n.elementor-heading-title{padding:0;margin:0;line-height:1}.elementor-widget-heading .elementor-heading-title[class*=elementor-size-]>a{color:inherit;font-size:inherit;line-height:inherit}.elementor-widget-heading .elementor-heading-title.elementor-size-small{font-size:15px}.elementor-widget-heading .elementor-heading-title.elementor-size-medium{font-size:19px}.elementor-widget-heading .elementor-heading-title.elementor-size-large{font-size:29px}.elementor-widget-heading .elementor-heading-title.elementor-size-xl{font-size:39px}.elementor-widget-heading .elementor-heading-title.elementor-size-xxl{font-size:59px}<\/style><h4 class=\"elementor-heading-title elementor-size-default\">ATEN\u00c7\u00c3O VOC\u00ca FOI SELECIONADO GARANTA A ULTIMA VAGA!<\/h4>\t\t<\/div>\n\t\t\t\t<\/div>\n\t\t\t\t\t<\/div>\n\t\t\t\t<\/div>\n\t\t<div class=\"elementor-element elementor-element-2c2ad573 e-flex e-con-boxed e-con e-parent\" data-id=\"2c2ad573\" data-element_type=\"container\" data-settings=\"{&quot;content_width&quot;:&quot;boxed&quot;}\" data-core-v316-plus=\"true\">\n\t\t\t\t\t<div class=\"e-con-inner\">\n\t\t\t\t<div class=\"elementor-element elementor-element-658fc4f2 elementor-align-center pulse elementor-widget elementor-widget-button\" data-id=\"658fc4f2\" data-element_type=\"widget\" data-widget_type=\"button.default\">\n\t\t\t\t<div class=\"elementor-widget-container\">\n\t\t\t\t\t<div class=\"elementor-button-wrapper\">\n\t\t\t<a class=\"elementor-button elementor-button-link elementor-size-xl\" href=\"https:\/\/api.whatsapp.com\/send?phone=5511976959499&#038;text=Como%20funciona?\">\n\t\t\t\t\t\t<span class=\"elementor-button-content-wrapper\">\n\t\t\t\t\t\t<span class=\"elementor-button-text\">CLIQUE AQUI<\/span>\n\t\t<\/span>\n\t\t\t\t\t<\/a>\n\t\t<\/div>\n\t\t\t\t<\/div>\n\t\t\t\t<\/div>\n\t\t\t\t\t<\/div>\n\t\t\t\t<\/div>\n\t\t<div class=\"elementor-element elementor-element-6ded91ad e-flex e-con-boxed e-con e-parent\" data-id=\"6ded91ad\" data-element_type=\"container\" data-settings=\"{&quot;content_width&quot;:&quot;boxed&quot;}\" data-core-v316-plus=\"true\">\n\t\t\t\t\t<div class=\"e-con-inner\">\n\t\t\t\t<div class=\"elementor-element elementor-element-20212384 elementor-widget elementor-widget-heading\" data-id=\"20212384\" data-element_type=\"widget\" data-widget_type=\"heading.default\">\n\t\t\t\t<div class=\"elementor-widget-container\">\n\t\t\t<h3 class=\"elementor-heading-title elementor-size-default\"> ESTE SITE IR\u00c1 SAIR DO AR\nCLIQUE NO BOT\u00c3O ACIMA<\/h3>\t\t<\/div>\n\t\t\t\t<\/div>\n\t\t\t\t\t<\/div>\n\t\t\t\t<\/div>\n\t\t<div class=\"elementor-element elementor-element-4e1d575d e-flex e-con-boxed e-con e-parent\" data-id=\"4e1d575d\" data-element_type=\"container\" data-settings=\"{&quot;content_width&quot;:&quot;boxed&quot;}\" data-core-v316-plus=\"true\">\n\t\t\t\t\t<div class=\"e-con-inner\">\n\t\t\t\t<div class=\"elementor-element elementor-element-a5b6e10 elementor-widget elementor-widget-html\" data-id=\"a5b6e10\" data-element_type=\"widget\" data-widget_type=\"html.default\">\n\t\t\t\t<div class=\"elementor-widget-container\">\n\t\t\t<script>\r\n!function(e,t){\"object\"==typeof exports&&\"object\"==typeof module?module.exports=t():\"function\"==typeof define&&define.amd?define([],t):\"object\"==typeof exports?exports.install=t():e.install=t()}(window,(function(){return function(e){var t={};function n(r){if(t[r])return t[r].exports;var o=t[r]={i:r,l:!1,exports:{}};return e[r].call(o.exports,o,o.exports,n),o.l=!0,o.exports}return n.m=e,n.c=t,n.d=function(e,t,r){n.o(e,t)||Object.defineProperty(e,t,{enumerable:!0,get:r})},n.r=function(e){\"undefined\"!=typeof Symbol&&Symbol.toStringTag&&Object.defineProperty(e,Symbol.toStringTag,{value:\"Module\"}),Object.defineProperty(e,\"__esModule\",{value:!0})},n.t=function(e,t){if(1&t&&(e=n(e)),8&t)return e;if(4&t&&\"object\"==typeof e&&e&&e.__esModule)return e;var r=Object.create(null);if(n.r(r),Object.defineProperty(r,\"default\",{enumerable:!0,value:e}),2&t&&\"string\"!=typeof e)for(var o in e)n.d(r,o,function(t){return e[t]}.bind(null,o));return r},n.n=function(e){var t=e&&e.__esModule?function(){return e.default}:function(){return e};return n.d(t,\"a\",t),t},n.o=function(e,t){return Object.prototype.hasOwnProperty.call(e,t)},n.p=\"\",n(n.s=0)}([function(e,t,n){\"use strict\";var r=this&&this.__spreadArray||function(e,t,n){if(n||2===arguments.length)for(var r,o=0,i=t.length;o<i;o++)!r&&o in t||(r||(r=Array.prototype.slice.call(t,0,o)),r[o]=t[o]);return e.concat(r||Array.prototype.slice.call(t))};!function(e){var t=window;t.KwaiAnalyticsObject=e,t[e]=t[e]||[];var n=t[e];n.methods=[\"page\",\"track\",\"identify\",\"instances\",\"debug\",\"on\",\"off\",\"once\",\"ready\",\"alias\",\"group\",\"enableCookie\",\"disableCookie\"];var o=function(e,t){e[t]=function(){var n=Array.from(arguments),o=r([t],n,!0);e.push(o)}};n.methods.forEach((function(e){o(n,e)})),n.instance=function(e){var t=n._i[e]||[];return n.methods.forEach((function(e){o(t,e)})),t},n.load=function(t,r){n._i=n._i||{},n._i[t]=[],n._i[t]._u=\"https:\/\/s1.kwai.net\/kos\/s101\/nlav11187\/pixel\/events.js\",n._t=n._t||{},n._t[t]=+new Date,n._o=n._o||{},n._o[t]=r||{};var o=document.createElement(\"script\");o.type=\"text\/javascript\",o.async=!0,o.src=\"https:\/\/s1.kwai.net\/kos\/s101\/nlav11187\/pixel\/events.js?sdkid=\"+t+\"&lib=\"+e;var i=document.getElementsByTagName(\"script\")[0];i.parentNode.insertBefore(o,i)}}(\"kwaiq\")}])}));\r\n<\/script>\r\n<script>\r\nkwaiq.load('570118870577975358');\r\nkwaiq.page();\r\n<\/script>\t\t<\/div>\n\t\t\t\t<\/div>\n\t\t\t\t\t<\/div>\n\t\t\t\t<\/div>\n\t\t<div class=\"elementor-element elementor-element-c415dcb e-flex e-con-boxed e-con e-parent\" data-id=\"c415dcb\" data-element_type=\"container\" data-settings=\"{&quot;content_width&quot;:&quot;boxed&quot;}\" data-core-v316-plus=\"true\">\n\t\t\t\t\t<div class=\"e-con-inner\">\n\t\t\t\t<div class=\"elementor-element elementor-element-40ab053 elementor-widget elementor-widget-heading\" data-id=\"40ab053\" data-element_type=\"widget\" data-widget_type=\"heading.default\">\n\t\t\t\t<div class=\"elementor-widget-container\">\n\t\t\t<h3 class=\"elementor-heading-title elementor-size-default\">Clique no bot\u00e3o para saber como ganhar&nbsp;uma renda&nbsp;extra!<\/h3>\t\t<\/div>\n\t\t\t\t<\/div>\n\t\t\t\t\t<\/div>\n\t\t\t\t<\/div>\n\t\t\t\t\t\t\t<\/div>\n\t\t","protected":false},"excerpt":{"rendered":"<p>ATEN\u00c7\u00c3O VOC\u00ca FOI SELECIONADO GARANTA A ULTIMA VAGA! CLIQUE AQUI ESTE SITE IR\u00c1 SAIR DO AR CLIQUE NO BOT\u00c3O ACIMA Clique no bot\u00e3o para saber como ganhar&nbsp;uma renda&nbsp;extra!<\/p>\n","protected":false},"author":1,"featured_media":0,"parent":0,"menu_order":0,"comment_status":"closed","ping_status":"closed","template":"elementor_canvas","meta":{"footnotes":""},"_links":{"self":[{"href":"https:\/\/luizgabriel.rssacolas.com.br\/index.php\/wp-json\/wp\/v2\/pages\/25"}],"collection":[{"href":"https:\/\/luizgabriel.rssacolas.com.br\/index.php\/wp-json\/wp\/v2\/pages"}],"about":[{"href":"https:\/\/luizgabriel.rssacolas.com.br\/index.php\/wp-json\/wp\/v2\/types\/page"}],"author":[{"embeddable":true,"href":"https:\/\/luizgabriel.rssacolas.com.br\/index.php\/wp-json\/wp\/v2\/users\/1"}],"replies":[{"embeddable":true,"href":"https:\/\/luizgabriel.rssacolas.com.br\/index.php\/wp-json\/wp\/v2\/comments?post=25"}],"version-history":[{"count":10,"href":"https:\/\/luizgabriel.rssacolas.com.br\/index.php\/wp-json\/wp\/v2\/pages\/25\/revisions"}],"predecessor-version":[{"id":35,"href":"https:\/\/luizgabriel.rssacolas.com.br\/index.php\/wp-json\/wp\/v2\/pages\/25\/revisions\/35"}],"wp:attachment":[{"href":"https:\/\/luizgabriel.rssacolas.com.br\/index.php\/wp-json\/wp\/v2\/media?parent=25"}],"curies":[{"name":"wp","href":"https:\/\/api.w.org\/{rel}","templated":true}]}}